{"id":2,"date":"2016-04-19T18:00:29","date_gmt":"2016-04-19T16:00:29","guid":{"rendered":"http:\/\/www.securewamp.no\/?page_id=2"},"modified":"2023-02-09T01:55:49","modified_gmt":"2023-02-09T00:55:49","slug":"testside","status":"publish","type":"page","link":"https:\/\/www.maitreecafe.com\/","title":{"rendered":"Untitled"},"content":{"rendered":"<h2><span style=\"color: #000000;\">Velkommen til Maitree Thai og Sushi Restaurant \/ Bar<\/span><\/h2>\n<p><span class=\"text-class-2\" style=\"color: #000000;\">Opplev havets lekkerheter, sushi, sashimi og maki av alle slag, og v\u00e5re fantastisk gode Thaigryter.&nbsp;<\/span><\/p>\n<div><span style=\"text-decoration: underline; color: #000000;\"><strong><span class=\"text-class-2\">V\u00e5re kokker er kjente for deres kreativitet.<\/span><\/strong><\/span><\/div>\n<div><span style=\"color: #000000;\"><em><span class=\"text-class-2\">&nbsp;<\/span><\/em><\/span><\/div>\n<p style=\"padding-left: 30px;\"><span style=\"color: #000000;\"><em><span class=\"text-class-2\">V\u00e5r varme atmosf\u00e6re kommer umiddelbart til \u00e5 f\u00e5 deg slappe av mens vi gj\u00f8r v\u00e5rt beste for \u00e5 gi deg en spennende matopplevelse. Vi har en herlig meny &nbsp;som tilbyr mange unike smaker!<\/span><\/em><\/span><\/p>\n<p style=\"padding-left: 30px;\"><span class=\"text-class-2\" style=\"color: #000000;\">Maitree Thai &amp; sushi cafe er den perfekte destinasjonen for ditt neste restaurant bes\u00f8k, uansett om det er en intim middag for to eller en stor gruppe. Vi har servering 6 dager i uken.<\/span><\/p>\n<p>&nbsp;<\/p>\n<p>Vi jobber hardt med ny side til restauranten og baren. Gleder oss til lansering. Vi h\u00e5per ogs\u00e5 p\u00e5 enkel kommunikasjon mellom online take-away\/denne butikken s\u00e5 f\u00e5r en enkel og helhetlig l\u00f8sning for dere kundene.<\/p>\n<p>&nbsp;<\/p>\n<p><strong>Lik &amp; F\u00f8lg oss p\u00e5 Facebook for ukentlige oppdateringer<\/strong><\/p>\n","protected":false},"excerpt":{"rendered":"<p>Velkommen til Maitree Thai og Sushi Restaurant \/ Bar Opplev havets lekkerheter, sushi, sashimi og maki av alle slag, og v\u00e5re fantastisk gode Thaigryter.&nbsp; V\u00e5re kokker er kjente for deres kreativitet. &nbsp; V\u00e5r varme atmosf\u00e6re kommer umiddelbart til \u00e5 f\u00e5 deg slappe av mens vi gj\u00f8r v\u00e5rt beste for \u00e5&#8230;<\/p>\n","protected":false},"author":1,"featured_media":0,"parent":0,"menu_order":0,"comment_status":"closed","ping_status":"closed","template":"","meta":{"ngg_post_thumbnail":0,"jetpack_post_was_ever_published":false,"footnotes":""},"class_list":["post-2","page","type-page","status-publish","hentry"],"jetpack_sharing_enabled":true,"jetpack_shortlink":"https:\/\/wp.me\/PaHFtY-2","_links":{"self":[{"href":"https:\/\/www.maitreecafe.com\/index.php?rest_route=\/wp\/v2\/pages\/2","targetHints":{"allow":["GET"]}}],"collection":[{"href":"https:\/\/www.maitreecafe.com\/index.php?rest_route=\/wp\/v2\/pages"}],"about":[{"href":"https:\/\/www.maitreecafe.com\/index.php?rest_route=\/wp\/v2\/types\/page"}],"author":[{"embeddable":true,"href":"https:\/\/www.maitreecafe.com\/index.php?rest_route=\/wp\/v2\/users\/1"}],"replies":[{"embeddable":true,"href":"https:\/\/www.maitreecafe.com\/index.php?rest_route=%2Fwp%2Fv2%2Fcomments&post=2"}],"version-history":[{"count":23,"href":"https:\/\/www.maitreecafe.com\/index.php?rest_route=\/wp\/v2\/pages\/2\/revisions"}],"predecessor-version":[{"id":765,"href":"https:\/\/www.maitreecafe.com\/index.php?rest_route=\/wp\/v2\/pages\/2\/revisions\/765"}],"wp:attachment":[{"href":"https:\/\/www.maitreecafe.com\/index.php?rest_route=%2Fwp%2Fv2%2Fmedia&parent=2"}],"curies":[{"name":"wp","href":"https:\/\/api.w.org\/{rel}","templated":true}]}}