{"id":34,"date":"2016-04-24T18:36:59","date_gmt":"2016-04-24T16:36:59","guid":{"rendered":"http:\/\/www.securewamp.no\/?page_id=34"},"modified":"2025-12-19T23:12:12","modified_gmt":"2025-12-19T22:12:12","slug":"kontakt-oss","status":"publish","type":"page","link":"https:\/\/www.maitreecafe.com\/?page_id=34","title":{"rendered":"Kontakt oss"},"content":{"rendered":"<div><strong>Maitree Thai &amp; Sushi Restaurant har basert sin virksomhet med fokus p\u00e5 at kundene f\u00e5r de beste r\u00e5varene og servicen i bransjen.<\/strong><\/div>\n<div>&nbsp;<\/div>\n<div><em>Vi h\u00e5per \u00e5 kunne gi deg en herlig kulinarisk matopplevelse!&nbsp;<\/em><\/div>\n<p><strong>GPS Lokasjon:<br>Breddegrad<\/strong>:&nbsp;<span style=\"text-decoration: underline;\">59.768660994081<\/span><br><strong>Lengdegrad<\/strong>:&nbsp;<span style=\"text-decoration: underline;\">9.9114905297756<\/span><\/p>\n<p><strong>For kart og vei beskrivelse sjekk ut:<\/strong><\/p>\n<p><a href=\"https:\/\/g.page\/maitree\" target=\"_blank\" rel=\"noopener noreferrer\">Goggle ved \u00e5 trykke her<\/a><\/p>\n<p><strong>Adresse:<\/strong><\/p>\n<p>Stasjonsgata 67<br>3300 Hokksund<\/p>\n<p>VOX FRIS\u00d8R &#8211; <strong>MAITREE<\/strong><\/p>\n<p><strong>Uteservering<\/strong><\/p>\n<p>V\u00e5res uteservering er stengt i vinterhalv\u00e5ret. Og \u00e5pner igjen n\u00e5r det blir bart og fint v\u00e6r.<\/p>\n<p><strong>Telefon:<\/strong><\/p>\n<p>Restauranten: +47 454 24 418<\/p>\n<p>Booking: +47 611 00 250<\/p>\n<p><strong>Daglig Leder:<\/strong><br>Montree Han-Arsa &#8211; firmapost@maitree.no<\/p>\n<p><strong>Kj\u00f8kkensjef:<\/strong><br>Pratcha<\/p>\n<p><strong>Facebook:<br><a href=\"https:\/\/www.facebook.com\/Maitree-Thai-sushi-cafe-433570446661058\/\" target=\"_blank\" rel=\"noopener noreferrer\">Trykk her for v\u00e5res facebook side<\/a><\/strong><\/p>\n<p>&nbsp;<\/p>\n\n\n\n","protected":false},"excerpt":{"rendered":"<p>Maitree Thai &amp; Sushi Restaurant har basert sin virksomhet med fokus p\u00e5 at kundene f\u00e5r de beste r\u00e5varene og servicen i bransjen. &nbsp; Vi h\u00e5per \u00e5 kunne gi deg en herlig kulinarisk matopplevelse!&nbsp; GPS Lokasjon:Breddegrad:&nbsp;59.768660994081Lengdegrad:&nbsp;9.9114905297756 For kart og vei beskrivelse sjekk ut: Goggle ved \u00e5 trykke her Adresse: Stasjonsgata 673300&#8230;<\/p>\n","protected":false},"author":1,"featured_media":0,"parent":0,"menu_order":0,"comment_status":"closed","ping_status":"closed","template":"template-fullwidth.php","meta":{"ngg_post_thumbnail":0,"jetpack_post_was_ever_published":false,"footnotes":""},"class_list":["post-34","page","type-page","status-publish","hentry"],"jetpack_sharing_enabled":true,"jetpack_shortlink":"https:\/\/wp.me\/PaHFtY-y","_links":{"self":[{"href":"https:\/\/www.maitreecafe.com\/index.php?rest_route=\/wp\/v2\/pages\/34","targetHints":{"allow":["GET"]}}],"collection":[{"href":"https:\/\/www.maitreecafe.com\/index.php?rest_route=\/wp\/v2\/pages"}],"about":[{"href":"https:\/\/www.maitreecafe.com\/index.php?rest_route=\/wp\/v2\/types\/page"}],"author":[{"embeddable":true,"href":"https:\/\/www.maitreecafe.com\/index.php?rest_route=\/wp\/v2\/users\/1"}],"replies":[{"embeddable":true,"href":"https:\/\/www.maitreecafe.com\/index.php?rest_route=%2Fwp%2Fv2%2Fcomments&post=34"}],"version-history":[{"count":40,"href":"https:\/\/www.maitreecafe.com\/index.php?rest_route=\/wp\/v2\/pages\/34\/revisions"}],"predecessor-version":[{"id":827,"href":"https:\/\/www.maitreecafe.com\/index.php?rest_route=\/wp\/v2\/pages\/34\/revisions\/827"}],"wp:attachment":[{"href":"https:\/\/www.maitreecafe.com\/index.php?rest_route=%2Fwp%2Fv2%2Fmedia&parent=34"}],"curies":[{"name":"wp","href":"https:\/\/api.w.org\/{rel}","templated":true}]}}