{"id":42,"date":"2016-04-24T18:38:39","date_gmt":"2016-04-24T16:38:39","guid":{"rendered":"http:\/\/www.securewamp.no\/?page_id=42"},"modified":"2022-02-24T15:15:10","modified_gmt":"2022-02-24T14:15:10","slug":"firmaavtale","status":"publish","type":"page","link":"https:\/\/www.maitreecafe.com\/?page_id=42","title":{"rendered":"Firmaavtale"},"content":{"rendered":"<p>\u00d8nsker ditt firma gode matretter til m\u00f8ter, lunsj og andre begivenheter ? Hvorfor ikke lage en firmaavtale med Maitree Thai &amp; Sushi Cafe.<\/p>\n<div><span class=\"text-class-2\"><strong>For firmaer som \u00f8nsker \u00e5 gj\u00f8re st\u00f8rre bestillinger:<\/strong><br \/>\nTa turen innom oss for en prat!<br \/>\n<\/span><\/div>\n<div><span class=\"text-class-2\">&nbsp;<\/span><\/div>\n<p>Du kan ogs\u00e5 sende oss en epost p\u00e5 <em><strong>bedrift@maitree.no<\/strong><\/em> s\u00e5 skal vi se om vi kan f\u00e5 opprettet en firmaavtale for dere hos oss.<b><\/p>\n<p>Fordel med avtale for ditt firma er:<\/p>\n<p><\/b><em>Samlefaktura<\/em><br \/>\n<em>30 dagers betalingsfrist<\/em><br \/>\n<em>Du bestemmer hvem som kan handle p\u00e5 firmaet<\/em><br \/>\n<em>Slippe betale kontant n\u00e5r m\u00e5ltidet hentes \/ spises<\/em><br \/>\n<em>Lunsj ? Overtidsmat? Firmakveld?<\/em><\/p>\n<div>&nbsp;<\/div>\n<div><em>Bli en av v\u00e5re firmakunder i dag og nyt godt av v\u00e5res spesialiteter.<\/em><\/div>\n","protected":false},"excerpt":{"rendered":"<p>\u00d8nsker ditt firma gode matretter til m\u00f8ter, lunsj og andre begivenheter ? Hvorfor ikke lage en firmaavtale med Maitree Thai &amp; Sushi Cafe. For firmaer som \u00f8nsker \u00e5 gj\u00f8re st\u00f8rre bestillinger: Ta turen innom oss for en prat! &nbsp; Du kan ogs\u00e5 sende oss en epost p\u00e5 bedrift@maitree.no s\u00e5 skal&#8230;<\/p>\n","protected":false},"author":1,"featured_media":0,"parent":0,"menu_order":0,"comment_status":"closed","ping_status":"closed","template":"template-fullwidth.php","meta":{"ngg_post_thumbnail":0,"jetpack_post_was_ever_published":false,"footnotes":""},"class_list":["post-42","page","type-page","status-publish","hentry"],"jetpack_sharing_enabled":true,"jetpack_shortlink":"https:\/\/wp.me\/PaHFtY-G","_links":{"self":[{"href":"https:\/\/www.maitreecafe.com\/index.php?rest_route=\/wp\/v2\/pages\/42","targetHints":{"allow":["GET"]}}],"collection":[{"href":"https:\/\/www.maitreecafe.com\/index.php?rest_route=\/wp\/v2\/pages"}],"about":[{"href":"https:\/\/www.maitreecafe.com\/index.php?rest_route=\/wp\/v2\/types\/page"}],"author":[{"embeddable":true,"href":"https:\/\/www.maitreecafe.com\/index.php?rest_route=\/wp\/v2\/users\/1"}],"replies":[{"embeddable":true,"href":"https:\/\/www.maitreecafe.com\/index.php?rest_route=%2Fwp%2Fv2%2Fcomments&post=42"}],"version-history":[{"count":4,"href":"https:\/\/www.maitreecafe.com\/index.php?rest_route=\/wp\/v2\/pages\/42\/revisions"}],"predecessor-version":[{"id":702,"href":"https:\/\/www.maitreecafe.com\/index.php?rest_route=\/wp\/v2\/pages\/42\/revisions\/702"}],"wp:attachment":[{"href":"https:\/\/www.maitreecafe.com\/index.php?rest_route=%2Fwp%2Fv2%2Fmedia&parent=42"}],"curies":[{"name":"wp","href":"https:\/\/api.w.org\/{rel}","templated":true}]}}