{"id":44,"date":"2016-04-24T18:39:22","date_gmt":"2016-04-24T16:39:22","guid":{"rendered":"http:\/\/www.securewamp.no\/?page_id=44"},"modified":"2016-04-25T16:47:03","modified_gmt":"2016-04-25T14:47:03","slug":"vare-referanser","status":"publish","type":"page","link":"https:\/\/www.maitreecafe.com\/?page_id=44","title":{"rendered":"V\u00e5re referanser"},"content":{"rendered":"<p><strong>Noen utvalgte anmeldelser fra v\u00e5re gjester hentet fra Facebook:<\/strong><\/p>\n<ul>\n<li>Fantastisk mat og god service!!!<\/li>\n<li>Velsmakende mat og god service.Sushien er helt topp.Anbefales<\/li>\n<li>Nydelig mat og god service<\/li>\n<li>Jeg leste anmeldelsene og kom hit med STORE forventninger. Jeg bestilte sushi, og fikk noe som ga s\u00e5 gode smaker i munnen at det var s\u00f8rgelig \u00e5 svelge. Hinsides alle forventninger!!!<\/li>\n<li>Kjempe god sushi, ser delikat ut og veldig hyggelig betjening! Har pr\u00f8vd mange andre sushiresturanger, og ingen sl\u00e5r maitree!! <i class=\"_4-k1 img sp_fM-mz8spZ1b sx_5371b4\"><u>Uttrykksikonet smile<\/u><\/i> hilsen nr 12,21 og 5:)<\/li>\n<li>Fantastisk god mat og s\u00e5 koselige mennesker som gj\u00f8r en super jobb!<\/li>\n<li>Utrolig god atmosf\u00e6re, hyggelig betjening og veldig god mat.\u00a0Kan anbefales!<\/li>\n<li>Beste Sushi jeg har kommet over, og resten av varmrettene er virkelig gode ogs\u00e5<\/li>\n<\/ul>\n<p>Drammenstidene 22.04.16 ( DT+ )<\/p>\n<p><a href=\"http:\/\/www.dt.no\/nyhet\/kultur\/anmeldelser\/asiatiske-smaker-til-en-fornuftig-penge\/r\/5-57-340042\" target=\"_blank\"><em>http:\/\/www.dt.no\/nyhet\/kultur\/anmeldelser\/asiatiske-smaker-til-en-fornuftig-penge\/r\/5-57-340042<\/em><\/a><\/p>\n","protected":false},"excerpt":{"rendered":"<p>Noen utvalgte anmeldelser fra v\u00e5re gjester hentet fra Facebook: Fantastisk mat og god service!!! Velsmakende mat og god service.Sushien er helt topp.Anbefales Nydelig mat og god service Jeg leste anmeldelsene og kom hit med STORE forventninger. Jeg bestilte sushi, og fikk noe som ga s\u00e5 gode smaker i munnen at&#8230;<\/p>\n","protected":false},"author":1,"featured_media":0,"parent":0,"menu_order":0,"comment_status":"closed","ping_status":"closed","template":"template-fullwidth.php","meta":{"ngg_post_thumbnail":0,"jetpack_post_was_ever_published":false,"footnotes":""},"class_list":["post-44","page","type-page","status-publish","hentry"],"jetpack_sharing_enabled":true,"jetpack_shortlink":"https:\/\/wp.me\/PaHFtY-I","_links":{"self":[{"href":"https:\/\/www.maitreecafe.com\/index.php?rest_route=\/wp\/v2\/pages\/44","targetHints":{"allow":["GET"]}}],"collection":[{"href":"https:\/\/www.maitreecafe.com\/index.php?rest_route=\/wp\/v2\/pages"}],"about":[{"href":"https:\/\/www.maitreecafe.com\/index.php?rest_route=\/wp\/v2\/types\/page"}],"author":[{"embeddable":true,"href":"https:\/\/www.maitreecafe.com\/index.php?rest_route=\/wp\/v2\/users\/1"}],"replies":[{"embeddable":true,"href":"https:\/\/www.maitreecafe.com\/index.php?rest_route=%2Fwp%2Fv2%2Fcomments&post=44"}],"version-history":[{"count":4,"href":"https:\/\/www.maitreecafe.com\/index.php?rest_route=\/wp\/v2\/pages\/44\/revisions"}],"predecessor-version":[{"id":108,"href":"https:\/\/www.maitreecafe.com\/index.php?rest_route=\/wp\/v2\/pages\/44\/revisions\/108"}],"wp:attachment":[{"href":"https:\/\/www.maitreecafe.com\/index.php?rest_route=%2Fwp%2Fv2%2Fmedia&parent=44"}],"curies":[{"name":"wp","href":"https:\/\/api.w.org\/{rel}","templated":true}]}}