{"id":485,"date":"2020-07-11T15:43:34","date_gmt":"2020-07-11T13:43:34","guid":{"rendered":"https:\/\/maitreecafe.com\/?page_id=485"},"modified":"2023-02-11T12:28:08","modified_gmt":"2023-02-11T11:28:08","slug":"bordreservasjon","status":"publish","type":"page","link":"https:\/\/www.maitreecafe.com\/?page_id=485","title":{"rendered":"Bordreservasjon"},"content":{"rendered":"\n<p><strong>Ta turen til oss for ett bedre m\u00e5ltid i v\u00e5re flotte lokaler i Hokksund. Hos oss kan dere nyte bedre m\u00e5ltid i en varm og koselig atmosf\u00e6re. V\u00e5re servit\u00f8rer \u00f8nsker velkommen og vil servere \u00f8nsket m\u00e5ltid lagd av v\u00e5re flinke kokker p\u00e5 kj\u00f8kkenet. Vi har ogs\u00e5 bar med alle rettigheter.<\/strong><\/p>\n<p>Bordreservasjon kan gj\u00f8res enkelt nederst p\u00e5 denne siden<br>eller ved \u00e5 ringe oss p\u00e5 61 10 02 50 i \u00e5pningstiden.<\/p>\n<p><strong>Ved ankomst restauranten avvent til dere f\u00e5r tildelt bord.&nbsp;<\/strong><\/p>\n<p><strong>Uteservering &amp; reservasjon<\/strong><\/p>\n<p>Vi har ogs\u00e5 uteservering som er veldig popul\u00e6r blant v\u00e5res gjester i finv\u00e6ret. Viktig og v\u00e6re tidlig ute for \u00e5 f\u00e5 plass p\u00e5 uteserveringen. Uteserveringen er \u00e5pent i sommerhalv\u00e5ret.<\/p>\n\n\n\n<!-- resOS Booking widget script START -->\n<a id=\"booking-widget-2\" href=\"https:\/\/maitree.resos.com\/booking\" data-lang=\"en\" data-restaurant-id=\"umBwp5FfP9MbKSy8C\" data-domain=\"maitree.resos.com\">Book a table<\/a><div id=\"booking-script-2\" style=\"text-align:center;opacity:0.6;font-size:70%;margin-top:10px;\"><a target=\"_blank\" href=\"https:\/\/resos.com\" rel=\"noopener\">Vi bruker reservasjonl\u00f8sning fra ResOS<\/a><\/div><script type=\"text\/javascript\">const scr=document.createElement(\"script\");scr.src=\"https:\/\/maitree.resos.com\/embed\/booking\/widget.js?ts=\"+new Date().getTime();document.getElementById(\"booking-script-2\").appendChild(scr);<\/script>\n<!-- resOS Booking widget script END -->\n","protected":false},"excerpt":{"rendered":"<p>Ta turen til oss for ett bedre m\u00e5ltid i v\u00e5re flotte lokaler i Hokksund. Hos oss kan dere nyte bedre m\u00e5ltid i en varm og koselig atmosf\u00e6re. V\u00e5re servit\u00f8rer \u00f8nsker velkommen og vil servere \u00f8nsket m\u00e5ltid lagd av v\u00e5re flinke kokker p\u00e5 kj\u00f8kkenet. Vi har ogs\u00e5 bar med alle rettigheter&#8230;.<\/p>\n","protected":false},"author":1,"featured_media":0,"parent":0,"menu_order":0,"comment_status":"closed","ping_status":"closed","template":"","meta":{"ngg_post_thumbnail":0,"jetpack_post_was_ever_published":false,"footnotes":""},"class_list":["post-485","page","type-page","status-publish","hentry"],"jetpack_sharing_enabled":true,"jetpack_shortlink":"https:\/\/wp.me\/PaHFtY-7P","_links":{"self":[{"href":"https:\/\/www.maitreecafe.com\/index.php?rest_route=\/wp\/v2\/pages\/485","targetHints":{"allow":["GET"]}}],"collection":[{"href":"https:\/\/www.maitreecafe.com\/index.php?rest_route=\/wp\/v2\/pages"}],"about":[{"href":"https:\/\/www.maitreecafe.com\/index.php?rest_route=\/wp\/v2\/types\/page"}],"author":[{"embeddable":true,"href":"https:\/\/www.maitreecafe.com\/index.php?rest_route=\/wp\/v2\/users\/1"}],"replies":[{"embeddable":true,"href":"https:\/\/www.maitreecafe.com\/index.php?rest_route=%2Fwp%2Fv2%2Fcomments&post=485"}],"version-history":[{"count":8,"href":"https:\/\/www.maitreecafe.com\/index.php?rest_route=\/wp\/v2\/pages\/485\/revisions"}],"predecessor-version":[{"id":774,"href":"https:\/\/www.maitreecafe.com\/index.php?rest_route=\/wp\/v2\/pages\/485\/revisions\/774"}],"wp:attachment":[{"href":"https:\/\/www.maitreecafe.com\/index.php?rest_route=%2Fwp%2Fv2%2Fmedia&parent=485"}],"curies":[{"name":"wp","href":"https:\/\/api.w.org\/{rel}","templated":true}]}}